{"id":512,"date":"2022-03-23T09:08:26","date_gmt":"2022-03-23T09:08:26","guid":{"rendered":"https:\/\/ericslandwinkel.nl\/home\/"},"modified":"2025-04-15T17:52:15","modified_gmt":"2025-04-15T15:52:15","slug":"home","status":"publish","type":"page","link":"https:\/\/ericslandwinkel.nl\/de\/","title":{"rendered":"Home"},"content":{"rendered":"\t\t<div data-elementor-type=\"wp-page\" data-elementor-id=\"512\" class=\"elementor elementor-512 elementor-11\" data-elementor-post-type=\"page\">\n\t\t\t\t\t\t<section class=\"elementor-section elementor-top-section elementor-element elementor-element-68aa92b7 elementor-section-height-min-height elementor-section-content-middle elementor-section-boxed elementor-section-height-default elementor-section-items-middle\" data-id=\"68aa92b7\" data-element_type=\"section\" data-e-type=\"section\" data-settings=\"{&quot;background_background&quot;:&quot;classic&quot;,&quot;background_motion_fx_motion_fx_scrolling&quot;:&quot;yes&quot;,&quot;background_motion_fx_translateY_effect&quot;:&quot;yes&quot;,&quot;background_motion_fx_translateY_direction&quot;:&quot;negative&quot;,&quot;background_motion_fx_translateY_speed&quot;:{&quot;unit&quot;:&quot;px&quot;,&quot;size&quot;:4,&quot;sizes&quot;:[]},&quot;background_motion_fx_translateY_affectedRange&quot;:{&quot;unit&quot;:&quot;%&quot;,&quot;size&quot;:&quot;&quot;,&quot;sizes&quot;:{&quot;start&quot;:0,&quot;end&quot;:100}},&quot;background_motion_fx_devices&quot;:[&quot;desktop&quot;,&quot;tablet&quot;,&quot;mobile&quot;]}\">\n\t\t\t\t\t\t\t<div class=\"elementor-background-overlay\"><\/div>\n\t\t\t\t\t\t\t<div class=\"elementor-container elementor-column-gap-default\">\n\t\t\t\t\t<div class=\"elementor-column elementor-col-100 elementor-top-column elementor-element elementor-element-5a7785ad\" data-id=\"5a7785ad\" data-element_type=\"column\" data-e-type=\"column\">\n\t\t\t<div class=\"elementor-widget-wrap elementor-element-populated\">\n\t\t\t\t\t\t<div class=\"elementor-element elementor-element-78263e92 elementor-widget elementor-widget-heading\" data-id=\"78263e92\" data-element_type=\"widget\" data-e-type=\"widget\" data-widget_type=\"heading.default\">\n\t\t\t\t<div class=\"elementor-widget-container\">\n\t\t\t\t\t<h5 class=\"elementor-heading-title elementor-size-default\">Willkommen in Eric's Landladen<\/h5>\t\t\t\t<\/div>\n\t\t\t\t<\/div>\n\t\t\t\t<div class=\"elementor-element elementor-element-2f6dec0 elementor-widget elementor-widget-heading\" data-id=\"2f6dec0\" data-element_type=\"widget\" data-e-type=\"widget\" data-widget_type=\"heading.default\">\n\t\t\t\t<div class=\"elementor-widget-container\">\n\t\t\t\t\t<h1 class=\"elementor-heading-title elementor-size-default\">Der burgundische Landladen und die traditionelle franz\u00f6sische B\u00e4ckerei\nvon Bergen, mitten in der Natur<\/h1>\t\t\t\t<\/div>\n\t\t\t\t<\/div>\n\t\t\t\t<div class=\"elementor-element elementor-element-2c6ae858 elementor-widget elementor-widget-text-editor\" data-id=\"2c6ae858\" data-element_type=\"widget\" data-e-type=\"widget\" data-widget_type=\"text-editor.default\">\n\t\t\t\t<div class=\"elementor-widget-container\">\n\t\t\t\t\t\t\t\t\t<p>Das gr\u00f6\u00dfte Angebot an leckeren Speisen und Getr\u00e4nken in Nordholland!<\/p>\t\t\t\t\t\t\t\t<\/div>\n\t\t\t\t<\/div>\n\t\t\t\t\t<\/div>\n\t\t<\/div>\n\t\t\t\t\t<\/div>\n\t\t<\/section>\n\t\t\t\t<section class=\"elementor-section elementor-top-section elementor-element elementor-element-43a27bd elementor-section-content-middle elementor-section-boxed elementor-section-height-default elementor-section-height-default\" data-id=\"43a27bd\" data-element_type=\"section\" data-e-type=\"section\" id=\"intro\">\n\t\t\t\t\t\t<div class=\"elementor-container elementor-column-gap-default\">\n\t\t\t\t\t<div class=\"elementor-column elementor-col-50 elementor-top-column elementor-element elementor-element-b92c36c\" data-id=\"b92c36c\" data-element_type=\"column\" data-e-type=\"column\">\n\t\t\t<div class=\"elementor-widget-wrap elementor-element-populated\">\n\t\t\t\t\t\t<div class=\"elementor-element elementor-element-22c6d1a elementor-widget elementor-widget-heading\" data-id=\"22c6d1a\" data-element_type=\"widget\" data-e-type=\"widget\" data-widget_type=\"heading.default\">\n\t\t\t\t<div class=\"elementor-widget-container\">\n\t\t\t\t\t<h2 class=\"elementor-heading-title elementor-size-default\">Was vielleicht nicht jeder wei\u00df, ist der besondere Ort, an dem ERIC's landladen untergebracht ist.<\/h2>\t\t\t\t<\/div>\n\t\t\t\t<\/div>\n\t\t\t\t<div class=\"elementor-element elementor-element-e714334 elementor-widget elementor-widget-text-editor\" data-id=\"e714334\" data-element_type=\"widget\" data-e-type=\"widget\" data-widget_type=\"text-editor.default\">\n\t\t\t\t<div class=\"elementor-widget-container\">\n\t\t\t\t\t\t\t\t\t<p>Au\u00dferhalb des Dorfes, mitten in den Feldern und mit einem sch\u00f6nen Hinterhof, in dem man bei sch\u00f6nem Wetter herrlich sitzen kann. Mit einem Kaffee aus Vascobelo oder einer Tasse Tee mit etwas S\u00fc\u00dfem oder Herzhaftem aus unserer eigenen B\u00e4ckerei!<\/p><p>Regelm\u00e4\u00dfig gibt es Verkostungen oder ein Barbecue in der sch\u00f6nen Au\u00dfenk\u00fcche von WWOO. In Eric&#8217;s Landwinkel gibt es alles, was man an wirklich schmackhaften und gesunden Lebensmitteln und Getr\u00e4nken braucht. Wir f\u00fchren eine gro\u00dfe Auswahl an in- und ausl\u00e4ndischen K\u00e4sesorten, Brandt&amp;Levi-Fleisch aus Amsterdam, regionale Frischeprodukte aus Noorderhoeve in Schoorl, Spezialit\u00e4ten, eine gro\u00dfe Auswahl an Bio- und Naturweinen, die besten Oliven\u00f6le, Bio-Fleisch und -H\u00e4hnchen, ger\u00e4ucherten Fisch von Frank&#8217;s Smokehouse, frisch ger\u00f6stete N\u00fcsse, eigentlich zu viel, um es aufzuz\u00e4hlen. Sie finden hier auch Produkte des t\u00e4glichen Bedarfs, von Erdnussbutter \u00fcber Sp\u00fclmittel bis hin zu Vitaminen.<\/p><p>HANDWERKLICHE B\u00c4CKEREI SEIT JUNI 2023!<\/p><p>Eric&#8217;s Landwinkel Boulangerie ist eine handwerkliche B\u00e4ckerei, die sich in unserem Gesch\u00e4ft befindet. Treten Sie ein und schnuppern Sie den Duft von wirklich frischem Desem-Brot, franz\u00f6sischem Baguette, k\u00f6stlichen Croissants und leckeren Pains au Chocolat. Die offene B\u00e4ckerei bietet die M\u00f6glichkeit zu sehen, wie echtes Brot in kleinem Ma\u00dfstab hergestellt wird, wobei Transparenz, Qualit\u00e4t und die Liebe zur Einfachheit im Mittelpunkt stehen. Der Schwerpunkt liegt auf handwerklichem K\u00f6nnen und der Verwendung von hochwertigen Zutaten. So streben wir bei jedem Brot nach Perfektion, damit unsere Kunden die frischesten, schmackhaftesten und nahrhaftesten Produkte genie\u00dfen k\u00f6nnen.<\/p>\t\t\t\t\t\t\t\t<\/div>\n\t\t\t\t<\/div>\n\t\t\t\t\t<\/div>\n\t\t<\/div>\n\t\t\t\t<div class=\"elementor-column elementor-col-50 elementor-top-column elementor-element elementor-element-996a50c\" data-id=\"996a50c\" data-element_type=\"column\" data-e-type=\"column\">\n\t\t\t<div class=\"elementor-widget-wrap elementor-element-populated\">\n\t\t\t\t\t\t<section class=\"elementor-section elementor-inner-section elementor-element elementor-element-c23d7d4 elementor-section-boxed elementor-section-height-default elementor-section-height-default\" data-id=\"c23d7d4\" data-element_type=\"section\" data-e-type=\"section\">\n\t\t\t\t\t\t<div class=\"elementor-container elementor-column-gap-narrow\">\n\t\t\t\t\t<div class=\"elementor-column elementor-col-50 elementor-inner-column elementor-element elementor-element-cfbea74\" data-id=\"cfbea74\" data-element_type=\"column\" data-e-type=\"column\">\n\t\t\t<div class=\"elementor-widget-wrap elementor-element-populated\">\n\t\t\t\t\t\t<div class=\"elementor-element elementor-element-5d6cd3c elementor-widget elementor-widget-image\" data-id=\"5d6cd3c\" data-element_type=\"widget\" data-e-type=\"widget\" data-widget_type=\"image.default\">\n\t\t\t\t<div class=\"elementor-widget-container\">\n\t\t\t\t\t\t\t\t\t\t\t\t\t\t\t\t<a href=\"https:\/\/ericslandwinkel.nl\/wp-content\/uploads\/2024\/07\/IMG_6080-2-scaled.jpg\" data-elementor-open-lightbox=\"yes\" data-elementor-lightbox-title=\"IMG_6080 2\" data-e-action-hash=\"#elementor-action%3Aaction%3Dlightbox%26settings%3DeyJpZCI6MjUxOSwidXJsIjoiaHR0cHM6XC9cL2VyaWNzbGFuZHdpbmtlbC5ubFwvd3AtY29udGVudFwvdXBsb2Fkc1wvMjAyNFwvMDdcL0lNR182MDgwLTItc2NhbGVkLmpwZyJ9\">\n\t\t\t\t\t\t\t<img fetchpriority=\"high\" decoding=\"async\" width=\"768\" height=\"1024\" src=\"https:\/\/ericslandwinkel.nl\/wp-content\/uploads\/2024\/07\/IMG_6080-2-768x1024.jpg\" class=\"attachment-large size-large wp-image-2519\" alt=\"\" srcset=\"https:\/\/ericslandwinkel.nl\/wp-content\/uploads\/2024\/07\/IMG_6080-2-768x1024.jpg 768w, https:\/\/ericslandwinkel.nl\/wp-content\/uploads\/2024\/07\/IMG_6080-2-225x300.jpg 225w, https:\/\/ericslandwinkel.nl\/wp-content\/uploads\/2024\/07\/IMG_6080-2-1152x1536.jpg 1152w, https:\/\/ericslandwinkel.nl\/wp-content\/uploads\/2024\/07\/IMG_6080-2-1536x2048.jpg 1536w, https:\/\/ericslandwinkel.nl\/wp-content\/uploads\/2024\/07\/IMG_6080-2-scaled.jpg 1920w\" sizes=\"(max-width: 768px) 100vw, 768px\" \/>\t\t\t\t\t\t\t\t<\/a>\n\t\t\t\t\t\t\t\t\t\t\t\t\t\t\t<\/div>\n\t\t\t\t<\/div>\n\t\t\t\t\t<\/div>\n\t\t<\/div>\n\t\t\t\t<div class=\"elementor-column elementor-col-50 elementor-inner-column elementor-element elementor-element-9e43d52\" data-id=\"9e43d52\" data-element_type=\"column\" data-e-type=\"column\">\n\t\t\t<div class=\"elementor-widget-wrap elementor-element-populated\">\n\t\t\t\t\t\t<div class=\"elementor-element elementor-element-35cf9e8 elementor-widget elementor-widget-image\" data-id=\"35cf9e8\" data-element_type=\"widget\" data-e-type=\"widget\" data-widget_type=\"image.default\">\n\t\t\t\t<div class=\"elementor-widget-container\">\n\t\t\t\t\t\t\t\t\t\t\t\t\t\t\t\t<a href=\"https:\/\/ericslandwinkel.nl\/wp-content\/uploads\/2024\/05\/entree-overdag-scaled.jpg\" data-elementor-open-lightbox=\"yes\" data-elementor-lightbox-title=\"entree overdag\" data-e-action-hash=\"#elementor-action%3Aaction%3Dlightbox%26settings%3DeyJpZCI6MjQ3NCwidXJsIjoiaHR0cHM6XC9cL2VyaWNzbGFuZHdpbmtlbC5ubFwvd3AtY29udGVudFwvdXBsb2Fkc1wvMjAyNFwvMDVcL2VudHJlZS1vdmVyZGFnLXNjYWxlZC5qcGcifQ%3D%3D\">\n\t\t\t\t\t\t\t<img decoding=\"async\" width=\"800\" height=\"1000\" src=\"https:\/\/ericslandwinkel.nl\/wp-content\/uploads\/2024\/05\/entree-overdag-819x1024.jpg\" class=\"attachment-large size-large wp-image-2474\" alt=\"\" srcset=\"https:\/\/ericslandwinkel.nl\/wp-content\/uploads\/2024\/05\/entree-overdag-819x1024.jpg 819w, https:\/\/ericslandwinkel.nl\/wp-content\/uploads\/2024\/05\/entree-overdag-240x300.jpg 240w, https:\/\/ericslandwinkel.nl\/wp-content\/uploads\/2024\/05\/entree-overdag-768x960.jpg 768w, https:\/\/ericslandwinkel.nl\/wp-content\/uploads\/2024\/05\/entree-overdag-1229x1536.jpg 1229w, https:\/\/ericslandwinkel.nl\/wp-content\/uploads\/2024\/05\/entree-overdag-1638x2048.jpg 1638w, https:\/\/ericslandwinkel.nl\/wp-content\/uploads\/2024\/05\/entree-overdag-scaled.jpg 2048w\" sizes=\"(max-width: 800px) 100vw, 800px\" \/>\t\t\t\t\t\t\t\t<\/a>\n\t\t\t\t\t\t\t\t\t\t\t\t\t\t\t<\/div>\n\t\t\t\t<\/div>\n\t\t\t\t\t<\/div>\n\t\t<\/div>\n\t\t\t\t\t<\/div>\n\t\t<\/section>\n\t\t\t\t<section class=\"elementor-section elementor-inner-section elementor-element elementor-element-1aff124 elementor-section-boxed elementor-section-height-default elementor-section-height-default\" data-id=\"1aff124\" data-element_type=\"section\" data-e-type=\"section\">\n\t\t\t\t\t\t<div class=\"elementor-container elementor-column-gap-default\">\n\t\t\t\t\t<div class=\"elementor-column elementor-col-100 elementor-inner-column elementor-element elementor-element-30486d4\" data-id=\"30486d4\" data-element_type=\"column\" data-e-type=\"column\">\n\t\t\t<div class=\"elementor-widget-wrap elementor-element-populated\">\n\t\t\t\t\t\t<div class=\"elementor-element elementor-element-34ad790 elementor-widget elementor-widget-image\" data-id=\"34ad790\" data-element_type=\"widget\" data-e-type=\"widget\" data-widget_type=\"image.default\">\n\t\t\t\t<div class=\"elementor-widget-container\">\n\t\t\t\t\t\t\t\t\t\t\t\t\t\t\t\t<a href=\"https:\/\/ericslandwinkel.nl\/wp-content\/uploads\/2023\/12\/283E8C6B-FC87-4BFC-91CE-23A5480EB660.jpeg\" data-elementor-open-lightbox=\"yes\" data-elementor-lightbox-title=\"283E8C6B-FC87-4BFC-91CE-23A5480EB660\" data-e-action-hash=\"#elementor-action%3Aaction%3Dlightbox%26settings%3DeyJpZCI6MjM2OSwidXJsIjoiaHR0cHM6XC9cL2VyaWNzbGFuZHdpbmtlbC5ubFwvd3AtY29udGVudFwvdXBsb2Fkc1wvMjAyM1wvMTJcLzI4M0U4QzZCLUZDODctNEJGQy05MUNFLTIzQTU0ODBFQjY2MC5qcGVnIn0%3D\">\n\t\t\t\t\t\t\t<img decoding=\"async\" width=\"576\" height=\"1024\" src=\"https:\/\/ericslandwinkel.nl\/wp-content\/uploads\/2023\/12\/283E8C6B-FC87-4BFC-91CE-23A5480EB660-576x1024.jpeg\" class=\"attachment-large size-large wp-image-2369\" alt=\"\" srcset=\"https:\/\/ericslandwinkel.nl\/wp-content\/uploads\/2023\/12\/283E8C6B-FC87-4BFC-91CE-23A5480EB660-576x1024.jpeg 576w, https:\/\/ericslandwinkel.nl\/wp-content\/uploads\/2023\/12\/283E8C6B-FC87-4BFC-91CE-23A5480EB660-169x300.jpeg 169w, https:\/\/ericslandwinkel.nl\/wp-content\/uploads\/2023\/12\/283E8C6B-FC87-4BFC-91CE-23A5480EB660-768x1365.jpeg 768w, https:\/\/ericslandwinkel.nl\/wp-content\/uploads\/2023\/12\/283E8C6B-FC87-4BFC-91CE-23A5480EB660-864x1536.jpeg 864w, https:\/\/ericslandwinkel.nl\/wp-content\/uploads\/2023\/12\/283E8C6B-FC87-4BFC-91CE-23A5480EB660-1152x2048.jpeg 1152w, https:\/\/ericslandwinkel.nl\/wp-content\/uploads\/2023\/12\/283E8C6B-FC87-4BFC-91CE-23A5480EB660.jpeg 1170w\" sizes=\"(max-width: 576px) 100vw, 576px\" \/>\t\t\t\t\t\t\t\t<\/a>\n\t\t\t\t\t\t\t\t\t\t\t\t\t\t\t<\/div>\n\t\t\t\t<\/div>\n\t\t\t\t\t<\/div>\n\t\t<\/div>\n\t\t\t\t\t<\/div>\n\t\t<\/section>\n\t\t\t\t\t<\/div>\n\t\t<\/div>\n\t\t\t\t\t<\/div>\n\t\t<\/section>\n\t\t\t\t<section class=\"elementor-section elementor-top-section elementor-element elementor-element-ecb17bf elementor-section-height-min-height elementor-section-items-stretch elementor-section-content-bottom elementor-section-boxed elementor-section-height-default\" data-id=\"ecb17bf\" data-element_type=\"section\" data-e-type=\"section\">\n\t\t\t\t\t\t<div class=\"elementor-container elementor-column-gap-extended\">\n\t\t\t\t\t<div class=\"make-column-clickable-elementor elementor-column elementor-col-33 elementor-top-column elementor-element elementor-element-45dd380\" style=\"cursor: pointer;\" data-column-clickable=\"#\" data-column-clickable-blank=\"_self\" data-id=\"45dd380\" data-element_type=\"column\" data-e-type=\"column\" data-settings=\"{&quot;background_background&quot;:&quot;classic&quot;}\">\n\t\t\t<div class=\"elementor-widget-wrap elementor-element-populated\">\n\t\t\t\t\t<div class=\"elementor-background-overlay\"><\/div>\n\t\t\t\t\t\t<div class=\"elementor-element elementor-element-58157e5 elementor-widget elementor-widget-heading\" data-id=\"58157e5\" data-element_type=\"widget\" data-e-type=\"widget\" data-widget_type=\"heading.default\">\n\t\t\t\t<div class=\"elementor-widget-container\">\n\t\t\t\t\t<h2 class=\"elementor-heading-title elementor-size-default\">Das beste franz\u00f6sische Brot aus unserer eigenen B\u00e4ckerei<\/h2>\t\t\t\t<\/div>\n\t\t\t\t<\/div>\n\t\t\t\t\t<\/div>\n\t\t<\/div>\n\t\t\t\t<div class=\"make-column-clickable-elementor elementor-column elementor-col-33 elementor-top-column elementor-element elementor-element-04e0025\" style=\"cursor: pointer;\" data-column-clickable=\"#\" data-column-clickable-blank=\"_self\" data-id=\"04e0025\" data-element_type=\"column\" data-e-type=\"column\" data-settings=\"{&quot;background_background&quot;:&quot;classic&quot;}\">\n\t\t\t<div class=\"elementor-widget-wrap elementor-element-populated\">\n\t\t\t\t\t<div class=\"elementor-background-overlay\"><\/div>\n\t\t\t\t\t\t<div class=\"elementor-element elementor-element-ab8d2f2 elementor-widget elementor-widget-heading\" data-id=\"ab8d2f2\" data-element_type=\"widget\" data-e-type=\"widget\" data-widget_type=\"heading.default\">\n\t\t\t\t<div class=\"elementor-widget-container\">\n\t\t\t\t\t<h2 class=\"elementor-heading-title elementor-size-default\">Das beste und schmackhafteste Frischesortiment<\/h2>\t\t\t\t<\/div>\n\t\t\t\t<\/div>\n\t\t\t\t\t<\/div>\n\t\t<\/div>\n\t\t\t\t<div class=\"make-column-clickable-elementor elementor-column elementor-col-33 elementor-top-column elementor-element elementor-element-c46881b\" style=\"cursor: pointer;\" data-column-clickable=\"#\" data-column-clickable-blank=\"_self\" data-id=\"c46881b\" data-element_type=\"column\" data-e-type=\"column\" data-settings=\"{&quot;background_background&quot;:&quot;classic&quot;}\">\n\t\t\t<div class=\"elementor-widget-wrap elementor-element-populated\">\n\t\t\t\t\t<div class=\"elementor-background-overlay\"><\/div>\n\t\t\t\t\t\t<div class=\"elementor-element elementor-element-5473f44 elementor-widget elementor-widget-heading\" data-id=\"5473f44\" data-element_type=\"widget\" data-e-type=\"widget\" data-widget_type=\"heading.default\">\n\t\t\t\t<div class=\"elementor-widget-container\">\n\t\t\t\t\t<h2 class=\"elementor-heading-title elementor-size-default\">die gr\u00f6\u00dfte Auswahl an Delikatessen<\/h2>\t\t\t\t<\/div>\n\t\t\t\t<\/div>\n\t\t\t\t\t<\/div>\n\t\t<\/div>\n\t\t\t\t\t<\/div>\n\t\t<\/section>\n\t\t\t\t<\/div>\n\t\t","protected":false},"excerpt":{"rendered":"<p>Willkommen in Eric&#8217;s Landladen Der burgundische Landladen und die traditionelle franz\u00f6sische B\u00e4ckerei von Bergen, mitten in der Natur Das gr\u00f6\u00dfte Angebot an leckeren Speisen und Getr\u00e4nken in Nordholland! Was vielleicht nicht jeder wei\u00df, ist der besondere Ort, an dem ERIC&#8217;s landladen untergebracht ist. Au\u00dferhalb des Dorfes, mitten in den Feldern und mit einem sch\u00f6nen Hinterhof, [&hellip;]<\/p>\n","protected":false},"author":1,"featured_media":0,"parent":0,"menu_order":0,"comment_status":"closed","ping_status":"closed","template":"","meta":{"footnotes":""},"class_list":["post-512","page","type-page","status-publish","hentry"],"_links":{"self":[{"href":"https:\/\/ericslandwinkel.nl\/de\/wp-json\/wp\/v2\/pages\/512","targetHints":{"allow":["GET"]}}],"collection":[{"href":"https:\/\/ericslandwinkel.nl\/de\/wp-json\/wp\/v2\/pages"}],"about":[{"href":"https:\/\/ericslandwinkel.nl\/de\/wp-json\/wp\/v2\/types\/page"}],"author":[{"embeddable":true,"href":"https:\/\/ericslandwinkel.nl\/de\/wp-json\/wp\/v2\/users\/1"}],"replies":[{"embeddable":true,"href":"https:\/\/ericslandwinkel.nl\/de\/wp-json\/wp\/v2\/comments?post=512"}],"version-history":[{"count":87,"href":"https:\/\/ericslandwinkel.nl\/de\/wp-json\/wp\/v2\/pages\/512\/revisions"}],"predecessor-version":[{"id":2773,"href":"https:\/\/ericslandwinkel.nl\/de\/wp-json\/wp\/v2\/pages\/512\/revisions\/2773"}],"wp:attachment":[{"href":"https:\/\/ericslandwinkel.nl\/de\/wp-json\/wp\/v2\/media?parent=512"}],"curies":[{"name":"wp","href":"https:\/\/api.w.org\/{rel}","templated":true}]}}